{"id":46,"date":"2020-10-07T13:04:36","date_gmt":"2020-10-07T13:04:36","guid":{"rendered":"https:\/\/unikate-art.de\/?page_id=46"},"modified":"2022-06-14T10:44:12","modified_gmt":"2022-06-14T10:44:12","slug":"ueber-mich","status":"publish","type":"page","link":"https:\/\/unikate-art.de\/en\/ueber-mich","title":{"rendered":"About"},"content":{"rendered":"<div data-elementor-type=\"wp-page\" data-elementor-id=\"46\" class=\"elementor elementor-46\" data-elementor-post-type=\"page\">\n\t\t\t\t\t\t<section class=\"elementor-section elementor-top-section elementor-element elementor-element-1dc2284 elementor-section-boxed elementor-section-height-default elementor-section-height-default\" data-id=\"1dc2284\" data-element_type=\"section\" data-settings=\"{&quot;background_background&quot;:&quot;classic&quot;}\">\n\t\t\t\t\t\t<div class=\"elementor-container elementor-column-gap-default\">\n\t\t\t\t\t<div class=\"elementor-column elementor-col-100 elementor-top-column elementor-element elementor-element-61db591f\" data-id=\"61db591f\" data-element_type=\"column\">\n\t\t\t<div class=\"elementor-widget-wrap elementor-element-populated\">\n\t\t\t\t\t\t<div class=\"elementor-element elementor-element-2a9031bc elementor-widget elementor-widget-heading\" data-id=\"2a9031bc\" data-element_type=\"widget\" data-widget_type=\"heading.default\">\n\t\t\t\t<div class=\"elementor-widget-container\">\n\t\t\t<h1 class=\"elementor-heading-title elementor-size-default\">About<\/h1>\t\t<\/div>\n\t\t\t\t<\/div>\n\t\t\t\t<div class=\"elementor-element elementor-element-130860a6 elementor-widget elementor-widget-heading\" data-id=\"130860a6\" data-element_type=\"widget\" data-widget_type=\"heading.default\">\n\t\t\t\t<div class=\"elementor-widget-container\">\n\t\t\t<h2 class=\"elementor-heading-title elementor-size-default\">Abstract Art | Katrin Neudeck<\/h2>\t\t<\/div>\n\t\t\t\t<\/div>\n\t\t\t\t\t<\/div>\n\t\t<\/div>\n\t\t\t\t\t<\/div>\n\t\t<\/section>\n\t\t\t\t<section class=\"elementor-section elementor-top-section elementor-element elementor-element-5b9ef372 elementor-section-content-middle elementor-reverse-mobile animated-slow elementor-section-boxed elementor-section-height-default elementor-section-height-default\" data-id=\"5b9ef372\" data-element_type=\"section\" data-settings=\"{&quot;motion_fx_motion_fx_scrolling&quot;:&quot;yes&quot;,&quot;animation&quot;:&quot;none&quot;,&quot;motion_fx_devices&quot;:[&quot;desktop&quot;,&quot;tablet&quot;,&quot;mobile&quot;]}\">\n\t\t\t\t\t\t<div class=\"elementor-container elementor-column-gap-default\">\n\t\t\t\t\t<div class=\"elementor-column elementor-col-100 elementor-top-column elementor-element elementor-element-7edd08c\" data-id=\"7edd08c\" data-element_type=\"column\">\n\t\t\t<div class=\"elementor-widget-wrap elementor-element-populated\">\n\t\t\t\t\t\t<section class=\"elementor-section elementor-inner-section elementor-element elementor-element-63980d2 elementor-reverse-mobile elementor-section-boxed elementor-section-height-default elementor-section-height-default\" data-id=\"63980d2\" data-element_type=\"section\">\n\t\t\t\t\t\t<div class=\"elementor-container elementor-column-gap-default\">\n\t\t\t\t\t<div class=\"elementor-column elementor-col-50 elementor-inner-column elementor-element elementor-element-ae6f765\" data-id=\"ae6f765\" data-element_type=\"column\">\n\t\t\t<div class=\"elementor-widget-wrap elementor-element-populated\">\n\t\t\t\t\t\t<div class=\"elementor-element elementor-element-6c36e1dc elementor-widget elementor-widget-text-editor\" data-id=\"6c36e1dc\" data-element_type=\"widget\" data-widget_type=\"text-editor.default\">\n\t\t\t\t<div class=\"elementor-widget-container\">\n\t\t\t\t\t\t\t<div class=\"\"><div class=\"\">UNI.KATE is more than just a title for her works. They are unique, unequalled, they are \u2013 obviously \u2013 one of a kind. That, however, applies to just about any and all artworks and artists of all fields . UNI.KATE signifies Katrin Neudeck\u2019s personal journey to herself and thus, to everything.<\/div><\/div>\t\t\t\t\t\t<\/div>\n\t\t\t\t<\/div>\n\t\t\t\t<div class=\"elementor-element elementor-element-6d1b5a7 elementor-blockquote--skin-quotation elementor-blockquote--align-center elementor-blockquote--button-color-official elementor-widget elementor-widget-blockquote\" data-id=\"6d1b5a7\" data-element_type=\"widget\" data-widget_type=\"blockquote.default\">\n\t\t\t\t<div class=\"elementor-widget-container\">\n\t\t\t\t\t<blockquote class=\"elementor-blockquote\">\n\t\t\t<p class=\"elementor-blockquote__content translation-block\">The term UNI.KATE [a German expression meaning \u2018unique specimens\u2019, here capitalized and separated by a full stop] was born anew when I retired from working as a police officer and started focusing on my art. My friends call me \u2018Kate\u2019. When I read Uniqueness instead of Uniforms on a poster in Berlin, that left a lasting mark on me. It seemed so fitting for me and my journey. Uniforms and Uniqueness were opposed to one another.<\/p>\n\t\t\t\t\t<\/blockquote>\n\t\t\t\t<\/div>\n\t\t\t\t<\/div>\n\t\t\t\t\t<\/div>\n\t\t<\/div>\n\t\t\t\t<div class=\"elementor-column elementor-col-50 elementor-inner-column elementor-element elementor-element-0182159\" data-id=\"0182159\" data-element_type=\"column\">\n\t\t\t<div class=\"elementor-widget-wrap elementor-element-populated\">\n\t\t\t\t\t\t<div class=\"elementor-element elementor-element-692b647 elementor-widget elementor-widget-image\" data-id=\"692b647\" data-element_type=\"widget\" data-widget_type=\"image.default\">\n\t\t\t\t<div class=\"elementor-widget-container\">\n\t\t\t\t\t\t\t\t\t\t\t\t\t<img fetchpriority=\"high\" decoding=\"async\" width=\"685\" height=\"1024\" src=\"https:\/\/unikate-art.de\/wp-content\/uploads\/2022\/05\/unikate-art-leipzig-startseite-slider-cmp-685x1024.jpg\" class=\"attachment-large size-large wp-image-860\" alt=\"\" srcset=\"https:\/\/unikate-art.de\/wp-content\/uploads\/2022\/05\/unikate-art-leipzig-startseite-slider-cmp-685x1024.jpg 685w, https:\/\/unikate-art.de\/wp-content\/uploads\/2022\/05\/unikate-art-leipzig-startseite-slider-cmp-600x898.jpg 600w, https:\/\/unikate-art.de\/wp-content\/uploads\/2022\/05\/unikate-art-leipzig-startseite-slider-cmp-201x300.jpg 201w, https:\/\/unikate-art.de\/wp-content\/uploads\/2022\/05\/unikate-art-leipzig-startseite-slider-cmp.jpg 722w\" sizes=\"(max-width: 685px) 100vw, 685px\" \/>\t\t\t\t\t\t\t\t\t\t\t\t\t<\/div>\n\t\t\t\t<\/div>\n\t\t\t\t\t<\/div>\n\t\t<\/div>\n\t\t\t\t\t<\/div>\n\t\t<\/section>\n\t\t\t\t<div class=\"elementor-element elementor-element-a9ab391 elementor-widget elementor-widget-text-editor\" data-id=\"a9ab391\" data-element_type=\"widget\" data-widget_type=\"text-editor.default\">\n\t\t\t\t<div class=\"elementor-widget-container\">\n\t\t\t\t\t\t\t<div class=\"\"><div class=\"\"><div class=\"\"><div class=\"\">Katrin Neudeck\u2019s works are impulsive and impassioned expressions of her emotions and her conception of the world. Togetherness, (self-)awareness, love and themes of social justice are a common display in her art, as well as the polarities between uniforms or norms and individuality and uniqueness of every being. While literary as well as musical influences are central to her creative process, nature is her greatest source of inspiration.<\/div><div class=\"\">\u00a0<\/div><div class=\"\">She prefers working with acrylics on canvas, on paper or on wood, usually including various materials and techniques in a painting. Instead of palette knives, she uses brushes. Distinct structures, juts and indentations as well as strong contrasts create tangible vividness in her works.<\/div><\/div><\/div><\/div>\t\t\t\t\t\t<\/div>\n\t\t\t\t<\/div>\n\t\t\t\t<div class=\"elementor-element elementor-element-18db8be elementor-blockquote--skin-quotation elementor-blockquote--align-center elementor-blockquote--button-color-official elementor-widget elementor-widget-blockquote\" data-id=\"18db8be\" data-element_type=\"widget\" data-widget_type=\"blockquote.default\">\n\t\t\t\t<div class=\"elementor-widget-container\">\n\t\t\t\t\t<blockquote class=\"elementor-blockquote\">\n\t\t\t<p class=\"elementor-blockquote__content\">\n\t\t\t\tArt is my language. A universal, all-embracing language that knows no bounds. Art expresses what cannot be expressed in words. Nothing is more authentic and true to me than art is. By now, I count having a high sensitivity as one of my greatest strenghts. It makes me aware of what happens both on the inside and the outside. That way, I can illustrate what I am capable of feeling and seeing. In my works, you can find me. I am showing and opening myself up to you, taking you with me on my personal journey: always hoping to affect and move you. \t\t\t<\/p>\n\t\t\t\t\t<\/blockquote>\n\t\t\t\t<\/div>\n\t\t\t\t<\/div>\n\t\t\t\t<div class=\"elementor-element elementor-element-a3c2ffb elementor-widget elementor-widget-text-editor\" data-id=\"a3c2ffb\" data-element_type=\"widget\" data-widget_type=\"text-editor.default\">\n\t\t\t\t<div class=\"elementor-widget-container\">\n\t\t\t\t\t\t\t<div class=\"\"><div class=\"\"><div class=\"\"><div class=\"\"><div class=\"\"><div class=\"\">Born 1984 in Thuringia, Katrin studied Sports and Fine Art in Leipzig before deciding to pursue a career in the police and working for a decade as a police officer in Berlin.<\/div><div>\u00a0<\/div><div class=\"\">Now entirely dedicated to her art, she lives and works in Leipzig.\u00a0<\/div><div class=\"\">\u00a0<\/div><div class=\"\">Currently, an artist interview with Katrin Neudeck can be found on the German art platform <a href=\"https:\/\/deinelieblingsk\u00fcnstler.com\/katrin-neudeck-uni-kate\/\" target=\"_blank\" rel=\"noopener\">Deine Lieblingsk\u00fcnstler<\/a>\u00a0.<\/div><\/div><\/div><\/div><\/div><\/div>\t\t\t\t\t\t<\/div>\n\t\t\t\t<\/div>\n\t\t\t\t\t<\/div>\n\t\t<\/div>\n\t\t\t\t\t<\/div>\n\t\t<\/section>\n\t\t\t\t<\/div>","protected":false},"excerpt":{"rendered":"<p>\u00dcBER MICH ABTRAKTE KUNST | Katrin Neudeck Der Titel UNI.KATE bezeichnet nicht einfach nur ihre Kunstwerke. Sie sind Unikate, Einzelst\u00fccke, es gibt sie nur einmal &#8211; nat\u00fcrlich. Aber das trifft wohl auf nahezu alle Kunstwerke und K\u00fcnstler:innen in jedem Bereich zu.\u00a0Dieser Titel steht f\u00fcr ihre ganz pers\u00f6nliche Reise zu sich und somit zu allem. Das [&hellip;]<\/p>","protected":false},"author":1,"featured_media":0,"parent":0,"menu_order":0,"comment_status":"closed","ping_status":"closed","template":"elementor_header_footer","meta":{"footnotes":""},"wf_page_folders":[53],"yoast_head":"<!-- This site is optimized with the Yoast SEO plugin v22.8 - https:\/\/yoast.com\/wordpress\/plugins\/seo\/ -->\n<title>UNI.KATE | Abstrakte Kunst | Katrin Neudeck<\/title>\n<meta name=\"description\" content=\"Ihre Kunstwerke sind impulsiver und leidenschaftlicher Ausdruck ihrer Gef\u00fchle und ihres Weltempfindens. Spachtel sind dabei ihre Pinsel.\" \/>\n<meta name=\"robots\" content=\"index, follow, max-snippet:-1, max-image-preview:large, max-video-preview:-1\" \/>\n<link rel=\"canonical\" href=\"https:\/\/unikate-art.de\/en\/ueber-mich\/\" \/>\n<meta property=\"og:locale\" content=\"en_GB\" \/>\n<meta property=\"og:type\" content=\"article\" \/>\n<meta property=\"og:title\" content=\"UNI.KATE | Abstrakte Kunst | Katrin Neudeck\" \/>\n<meta property=\"og:description\" content=\"Ihre Kunstwerke sind impulsiver und leidenschaftlicher Ausdruck ihrer Gef\u00fchle und ihres Weltempfindens. Spachtel sind dabei ihre Pinsel.\" \/>\n<meta property=\"og:url\" content=\"https:\/\/unikate-art.de\/en\/ueber-mich\/\" \/>\n<meta property=\"og:site_name\" content=\"UNI.KATE\" \/>\n<meta property=\"article:modified_time\" content=\"2022-06-14T10:44:12+00:00\" \/>\n<meta property=\"og:image\" content=\"https:\/\/unikate-art.de\/wp-content\/uploads\/2022\/05\/unikate-art-leipzig-startseite-slider-cmp-685x1024.jpg\" \/>\n<meta name=\"twitter:card\" content=\"summary_large_image\" \/>\n<meta name=\"twitter:label1\" content=\"Estimated reading time\" \/>\n\t<meta name=\"twitter:data1\" content=\"3 minutes\" \/>\n<script type=\"application\/ld+json\" class=\"yoast-schema-graph\">{\"@context\":\"https:\/\/schema.org\",\"@graph\":[{\"@type\":\"WebPage\",\"@id\":\"https:\/\/unikate-art.de\/ueber-mich\",\"url\":\"https:\/\/unikate-art.de\/ueber-mich\",\"name\":\"UNI.KATE | Abstrakte Kunst | Katrin Neudeck\",\"isPartOf\":{\"@id\":\"https:\/\/unikate-art.de\/#website\"},\"primaryImageOfPage\":{\"@id\":\"https:\/\/unikate-art.de\/ueber-mich#primaryimage\"},\"image\":{\"@id\":\"https:\/\/unikate-art.de\/ueber-mich#primaryimage\"},\"thumbnailUrl\":\"https:\/\/unikate-art.de\/wp-content\/uploads\/2022\/05\/unikate-art-leipzig-startseite-slider-cmp-685x1024.jpg\",\"datePublished\":\"2020-10-07T13:04:36+00:00\",\"dateModified\":\"2022-06-14T10:44:12+00:00\",\"description\":\"Ihre Kunstwerke sind impulsiver und leidenschaftlicher Ausdruck ihrer Gef\u00fchle und ihres Weltempfindens. Spachtel sind dabei ihre Pinsel.\",\"breadcrumb\":{\"@id\":\"https:\/\/unikate-art.de\/ueber-mich#breadcrumb\"},\"inLanguage\":\"en-GB\",\"potentialAction\":[{\"@type\":\"ReadAction\",\"target\":[\"https:\/\/unikate-art.de\/ueber-mich\"]}]},{\"@type\":\"ImageObject\",\"inLanguage\":\"en-GB\",\"@id\":\"https:\/\/unikate-art.de\/ueber-mich#primaryimage\",\"url\":\"https:\/\/unikate-art.de\/wp-content\/uploads\/2022\/05\/unikate-art-leipzig-startseite-slider-cmp-685x1024.jpg\",\"contentUrl\":\"https:\/\/unikate-art.de\/wp-content\/uploads\/2022\/05\/unikate-art-leipzig-startseite-slider-cmp-685x1024.jpg\"},{\"@type\":\"BreadcrumbList\",\"@id\":\"https:\/\/unikate-art.de\/ueber-mich#breadcrumb\",\"itemListElement\":[{\"@type\":\"ListItem\",\"position\":1,\"name\":\"Startseite\",\"item\":\"https:\/\/unikate-art.de\/\"},{\"@type\":\"ListItem\",\"position\":2,\"name\":\"\u00dcber mich\"}]},{\"@type\":\"WebSite\",\"@id\":\"https:\/\/unikate-art.de\/#website\",\"url\":\"https:\/\/unikate-art.de\/\",\"name\":\"UNI.KATE\",\"description\":\"Abstrakte Kunst | Katrin Neudeck\",\"publisher\":{\"@id\":\"https:\/\/unikate-art.de\/#organization\"},\"potentialAction\":[{\"@type\":\"SearchAction\",\"target\":{\"@type\":\"EntryPoint\",\"urlTemplate\":\"https:\/\/unikate-art.de\/?s={search_term_string}\"},\"query-input\":\"required name=search_term_string\"}],\"inLanguage\":\"en-GB\"},{\"@type\":\"Organization\",\"@id\":\"https:\/\/unikate-art.de\/#organization\",\"name\":\"UNI.KATE\",\"url\":\"https:\/\/unikate-art.de\/\",\"logo\":{\"@type\":\"ImageObject\",\"inLanguage\":\"en-GB\",\"@id\":\"https:\/\/unikate-art.de\/#\/schema\/logo\/image\/\",\"url\":\"https:\/\/unikate-art.de\/wp-content\/uploads\/2020\/10\/Unikate_Art_Logo_schwarz.svg\",\"contentUrl\":\"https:\/\/unikate-art.de\/wp-content\/uploads\/2020\/10\/Unikate_Art_Logo_schwarz.svg\",\"width\":200,\"height\":200,\"caption\":\"UNI.KATE\"},\"image\":{\"@id\":\"https:\/\/unikate-art.de\/#\/schema\/logo\/image\/\"}}]}<\/script>\n<!-- \/ Yoast SEO plugin. -->","yoast_head_json":{"title":"UNI.KATE | Abstrakte Kunst | Katrin Neudeck","description":"Ihre Kunstwerke sind impulsiver und leidenschaftlicher Ausdruck ihrer Gef\u00fchle und ihres Weltempfindens. Spachtel sind dabei ihre Pinsel.","robots":{"index":"index","follow":"follow","max-snippet":"max-snippet:-1","max-image-preview":"max-image-preview:large","max-video-preview":"max-video-preview:-1"},"canonical":"https:\/\/unikate-art.de\/en\/ueber-mich\/","og_locale":"en_GB","og_type":"article","og_title":"UNI.KATE | Abstrakte Kunst | Katrin Neudeck","og_description":"Ihre Kunstwerke sind impulsiver und leidenschaftlicher Ausdruck ihrer Gef\u00fchle und ihres Weltempfindens. Spachtel sind dabei ihre Pinsel.","og_url":"https:\/\/unikate-art.de\/en\/ueber-mich\/","og_site_name":"UNI.KATE","article_modified_time":"2022-06-14T10:44:12+00:00","og_image":[{"url":"https:\/\/unikate-art.de\/wp-content\/uploads\/2022\/05\/unikate-art-leipzig-startseite-slider-cmp-685x1024.jpg"}],"twitter_card":"summary_large_image","twitter_misc":{"Estimated reading time":"3 minutes"},"schema":{"@context":"https:\/\/schema.org","@graph":[{"@type":"WebPage","@id":"https:\/\/unikate-art.de\/ueber-mich","url":"https:\/\/unikate-art.de\/ueber-mich","name":"UNI.KATE | Abstrakte Kunst | Katrin Neudeck","isPartOf":{"@id":"https:\/\/unikate-art.de\/#website"},"primaryImageOfPage":{"@id":"https:\/\/unikate-art.de\/ueber-mich#primaryimage"},"image":{"@id":"https:\/\/unikate-art.de\/ueber-mich#primaryimage"},"thumbnailUrl":"https:\/\/unikate-art.de\/wp-content\/uploads\/2022\/05\/unikate-art-leipzig-startseite-slider-cmp-685x1024.jpg","datePublished":"2020-10-07T13:04:36+00:00","dateModified":"2022-06-14T10:44:12+00:00","description":"Ihre Kunstwerke sind impulsiver und leidenschaftlicher Ausdruck ihrer Gef\u00fchle und ihres Weltempfindens. Spachtel sind dabei ihre Pinsel.","breadcrumb":{"@id":"https:\/\/unikate-art.de\/ueber-mich#breadcrumb"},"inLanguage":"en-GB","potentialAction":[{"@type":"ReadAction","target":["https:\/\/unikate-art.de\/ueber-mich"]}]},{"@type":"ImageObject","inLanguage":"en-GB","@id":"https:\/\/unikate-art.de\/ueber-mich#primaryimage","url":"https:\/\/unikate-art.de\/wp-content\/uploads\/2022\/05\/unikate-art-leipzig-startseite-slider-cmp-685x1024.jpg","contentUrl":"https:\/\/unikate-art.de\/wp-content\/uploads\/2022\/05\/unikate-art-leipzig-startseite-slider-cmp-685x1024.jpg"},{"@type":"BreadcrumbList","@id":"https:\/\/unikate-art.de\/ueber-mich#breadcrumb","itemListElement":[{"@type":"ListItem","position":1,"name":"Startseite","item":"https:\/\/unikate-art.de\/"},{"@type":"ListItem","position":2,"name":"\u00dcber mich"}]},{"@type":"WebSite","@id":"https:\/\/unikate-art.de\/#website","url":"https:\/\/unikate-art.de\/","name":"UNI.KATE","description":"Abstrakte Kunst | Katrin Neudeck","publisher":{"@id":"https:\/\/unikate-art.de\/#organization"},"potentialAction":[{"@type":"SearchAction","target":{"@type":"EntryPoint","urlTemplate":"https:\/\/unikate-art.de\/?s={search_term_string}"},"query-input":"required name=search_term_string"}],"inLanguage":"en-GB"},{"@type":"Organization","@id":"https:\/\/unikate-art.de\/#organization","name":"UNI.KATE","url":"https:\/\/unikate-art.de\/","logo":{"@type":"ImageObject","inLanguage":"en-GB","@id":"https:\/\/unikate-art.de\/#\/schema\/logo\/image\/","url":"https:\/\/unikate-art.de\/wp-content\/uploads\/2020\/10\/Unikate_Art_Logo_schwarz.svg","contentUrl":"https:\/\/unikate-art.de\/wp-content\/uploads\/2020\/10\/Unikate_Art_Logo_schwarz.svg","width":200,"height":200,"caption":"UNI.KATE"},"image":{"@id":"https:\/\/unikate-art.de\/#\/schema\/logo\/image\/"}}]}},"_links":{"self":[{"href":"https:\/\/unikate-art.de\/en\/wp-json\/wp\/v2\/pages\/46"}],"collection":[{"href":"https:\/\/unikate-art.de\/en\/wp-json\/wp\/v2\/pages"}],"about":[{"href":"https:\/\/unikate-art.de\/en\/wp-json\/wp\/v2\/types\/page"}],"author":[{"embeddable":true,"href":"https:\/\/unikate-art.de\/en\/wp-json\/wp\/v2\/users\/1"}],"replies":[{"embeddable":true,"href":"https:\/\/unikate-art.de\/en\/wp-json\/wp\/v2\/comments?post=46"}],"version-history":[{"count":0,"href":"https:\/\/unikate-art.de\/en\/wp-json\/wp\/v2\/pages\/46\/revisions"}],"wp:attachment":[{"href":"https:\/\/unikate-art.de\/en\/wp-json\/wp\/v2\/media?parent=46"}],"wp:term":[{"taxonomy":"wf_page_folders","embeddable":true,"href":"https:\/\/unikate-art.de\/en\/wp-json\/wp\/v2\/wf_page_folders?post=46"}],"curies":[{"name":"wp","href":"https:\/\/api.w.org\/{rel}","templated":true}]}}