{"id":429,"date":"2021-09-07T08:30:49","date_gmt":"2021-09-07T08:30:49","guid":{"rendered":"https:\/\/unikate-art.de\/zahlungsweisen"},"modified":"2022-06-14T07:13:20","modified_gmt":"2022-06-14T07:13:20","slug":"zahlungsweisen","status":"publish","type":"page","link":"https:\/\/unikate-art.de\/en\/zahlungsweisen","title":{"rendered":"Payment methods"},"content":{"rendered":"<div data-elementor-type=\"wp-page\" data-elementor-id=\"429\" class=\"elementor elementor-429\" data-elementor-post-type=\"page\">\n\t\t\t\t\t\t<section class=\"elementor-section elementor-top-section elementor-element elementor-element-575ee264 elementor-section-boxed elementor-section-height-default elementor-section-height-default\" data-id=\"575ee264\" data-element_type=\"section\">\n\t\t\t\t\t\t<div class=\"elementor-container elementor-column-gap-default\">\n\t\t\t\t\t<div class=\"elementor-column elementor-col-100 elementor-top-column elementor-element elementor-element-6e7c0096\" data-id=\"6e7c0096\" data-element_type=\"column\">\n\t\t\t<div class=\"elementor-widget-wrap elementor-element-populated\">\n\t\t\t\t\t\t<div class=\"elementor-element elementor-element-45e4f75 elementor-widget elementor-widget-heading\" data-id=\"45e4f75\" data-element_type=\"widget\" data-widget_type=\"heading.default\">\n\t\t\t\t<div class=\"elementor-widget-container\">\n\t\t\t<h2 class=\"elementor-heading-title elementor-size-default\">Payment methods<\/h2>\t\t<\/div>\n\t\t\t\t<\/div>\n\t\t\t\t<div class=\"elementor-element elementor-element-50e8fed2 elementor-widget elementor-widget-text-editor\" data-id=\"50e8fed2\" data-element_type=\"widget\" data-widget_type=\"text-editor.default\">\n\t\t\t\t<div class=\"elementor-widget-container\">\n\t\t\t\t\t\t\t<p><span style=\"color: var( --e-global-color-primary );font-weight: var( --e-global-typography-text-font-weight );letter-spacing: 1.2px\">I offer the following payment methods. Just choose the best payment method for you. Shipping costs are partially dependent on the selected payment method. The prices listed in the respective offers are final prices. They include all price components including any applicable taxes such as VAT. Only in the case of cross-border delivery, further taxes (e.g. in the case of an intra-Community acquisition) and\/or duties (e.g. customs duties) may be payable by you in individual cases, but not to the seller, but to the customs or tax authorities responsible there. The delivery and shipping costs incurred are not included in the purchase price, they can be called up via the \"Shipping costs\" page, are shown separately in the course of the ordering process and are to be borne additionally by you.<\/span><\/p><p><em>Purchase on invoice<\/em><\/p><p>Simply order and pay afterwards.<\/p><p><em>Credit card<\/em><\/p><p>Pay easily by credit card.<\/p><p><em>PayPal<\/em><\/p><p>Pay even faster and more secure with your PayPal account.<\/p><p><em>Cash payment<\/em><\/p><p>Order online and simply pick up your order at my studio by appointment:<\/p><p>Katrin Neudeck | UNI.KATE<br \/>K\u00f6tzschauer Str. 4<br \/>04229 Leipzig | Germany<\/p>\t\t\t\t\t\t<\/div>\n\t\t\t\t<\/div>\n\t\t\t\t\t<\/div>\n\t\t<\/div>\n\t\t\t\t\t<\/div>\n\t\t<\/section>\n\t\t\t\t<\/div>","protected":false},"excerpt":{"rendered":"<p>Zahlungsweisen Ich biete Ihnen folgende Zahlungsarten an. Suchen Sie sich einfach die f\u00fcr Sie optimale Zahlart aus. Die Versandkosten sind teilweise abh\u00e4ngig von der gew\u00e4hlten Zahlungsart. Die in den jeweiligen Angeboten angef\u00fchrten Preise stellen Endpreise dar. Sie beinhalten alle Preisbestandteile einschlie\u00dflich etwaig anfallender Steuern wie Mehrwertsteuer. Nur bei grenz\u00fcberschreitender Lieferung k\u00f6nnen im Einzelfall weitere Steuern [&hellip;]<\/p>","protected":false},"author":1,"featured_media":0,"parent":0,"menu_order":0,"comment_status":"closed","ping_status":"closed","template":"","meta":{"footnotes":""},"wf_page_folders":[52],"yoast_head":"<!-- This site is optimized with the Yoast SEO plugin v22.8 - https:\/\/yoast.com\/wordpress\/plugins\/seo\/ -->\n<title>UNI.KATE | Abstrakte Kunst | Katrin Neudeck<\/title>\n<meta name=\"description\" content=\"Ihre Kunstwerke sind impulsiver und leidenschaftlicher Ausdruck ihres Weltempfindens. Deutliche Strukturen und Kontraste bringen sp\u00fcrbare Lebendigkeit in ihre Arbeiten. Spachtel sind ihre Pinsel.\" \/>\n<meta name=\"robots\" content=\"index, follow, max-snippet:-1, max-image-preview:large, max-video-preview:-1\" \/>\n<link rel=\"canonical\" href=\"https:\/\/unikate-art.de\/en\/zahlungsweisen\/\" \/>\n<meta property=\"og:locale\" content=\"en_GB\" \/>\n<meta property=\"og:type\" content=\"article\" \/>\n<meta property=\"og:title\" content=\"UNI.KATE | Abstrakte Kunst | Katrin Neudeck\" \/>\n<meta property=\"og:description\" content=\"Ihre Kunstwerke sind impulsiver und leidenschaftlicher Ausdruck ihres Weltempfindens. Deutliche Strukturen und Kontraste bringen sp\u00fcrbare Lebendigkeit in ihre Arbeiten. Spachtel sind ihre Pinsel.\" \/>\n<meta property=\"og:url\" content=\"https:\/\/unikate-art.de\/en\/zahlungsweisen\/\" \/>\n<meta property=\"og:site_name\" content=\"UNI.KATE\" \/>\n<meta property=\"article:modified_time\" content=\"2022-06-14T07:13:20+00:00\" \/>\n<meta name=\"twitter:card\" content=\"summary_large_image\" \/>\n<meta name=\"twitter:label1\" content=\"Estimated reading time\" \/>\n\t<meta name=\"twitter:data1\" content=\"1 minute\" \/>\n<script type=\"application\/ld+json\" class=\"yoast-schema-graph\">{\"@context\":\"https:\/\/schema.org\",\"@graph\":[{\"@type\":\"WebPage\",\"@id\":\"https:\/\/unikate-art.de\/zahlungsweisen\",\"url\":\"https:\/\/unikate-art.de\/zahlungsweisen\",\"name\":\"UNI.KATE | Abstrakte Kunst | Katrin Neudeck\",\"isPartOf\":{\"@id\":\"https:\/\/unikate-art.de\/#website\"},\"datePublished\":\"2021-09-07T08:30:49+00:00\",\"dateModified\":\"2022-06-14T07:13:20+00:00\",\"description\":\"Ihre Kunstwerke sind impulsiver und leidenschaftlicher Ausdruck ihres Weltempfindens. Deutliche Strukturen und Kontraste bringen sp\u00fcrbare Lebendigkeit in ihre Arbeiten. Spachtel sind ihre Pinsel.\",\"breadcrumb\":{\"@id\":\"https:\/\/unikate-art.de\/zahlungsweisen#breadcrumb\"},\"inLanguage\":\"en-GB\",\"potentialAction\":[{\"@type\":\"ReadAction\",\"target\":[\"https:\/\/unikate-art.de\/zahlungsweisen\"]}]},{\"@type\":\"BreadcrumbList\",\"@id\":\"https:\/\/unikate-art.de\/zahlungsweisen#breadcrumb\",\"itemListElement\":[{\"@type\":\"ListItem\",\"position\":1,\"name\":\"Startseite\",\"item\":\"https:\/\/unikate-art.de\/\"},{\"@type\":\"ListItem\",\"position\":2,\"name\":\"Zahlungsweisen\"}]},{\"@type\":\"WebSite\",\"@id\":\"https:\/\/unikate-art.de\/#website\",\"url\":\"https:\/\/unikate-art.de\/\",\"name\":\"UNI.KATE\",\"description\":\"Abstrakte Kunst | Katrin Neudeck\",\"publisher\":{\"@id\":\"https:\/\/unikate-art.de\/#organization\"},\"potentialAction\":[{\"@type\":\"SearchAction\",\"target\":{\"@type\":\"EntryPoint\",\"urlTemplate\":\"https:\/\/unikate-art.de\/?s={search_term_string}\"},\"query-input\":\"required name=search_term_string\"}],\"inLanguage\":\"en-GB\"},{\"@type\":\"Organization\",\"@id\":\"https:\/\/unikate-art.de\/#organization\",\"name\":\"UNI.KATE\",\"url\":\"https:\/\/unikate-art.de\/\",\"logo\":{\"@type\":\"ImageObject\",\"inLanguage\":\"en-GB\",\"@id\":\"https:\/\/unikate-art.de\/#\/schema\/logo\/image\/\",\"url\":\"https:\/\/unikate-art.de\/wp-content\/uploads\/2020\/10\/Unikate_Art_Logo_schwarz.svg\",\"contentUrl\":\"https:\/\/unikate-art.de\/wp-content\/uploads\/2020\/10\/Unikate_Art_Logo_schwarz.svg\",\"width\":200,\"height\":200,\"caption\":\"UNI.KATE\"},\"image\":{\"@id\":\"https:\/\/unikate-art.de\/#\/schema\/logo\/image\/\"}}]}<\/script>\n<!-- \/ Yoast SEO plugin. -->","yoast_head_json":{"title":"UNI.KATE | Abstrakte Kunst | Katrin Neudeck","description":"Ihre Kunstwerke sind impulsiver und leidenschaftlicher Ausdruck ihres Weltempfindens. Deutliche Strukturen und Kontraste bringen sp\u00fcrbare Lebendigkeit in ihre Arbeiten. Spachtel sind ihre Pinsel.","robots":{"index":"index","follow":"follow","max-snippet":"max-snippet:-1","max-image-preview":"max-image-preview:large","max-video-preview":"max-video-preview:-1"},"canonical":"https:\/\/unikate-art.de\/en\/zahlungsweisen\/","og_locale":"en_GB","og_type":"article","og_title":"UNI.KATE | Abstrakte Kunst | Katrin Neudeck","og_description":"Ihre Kunstwerke sind impulsiver und leidenschaftlicher Ausdruck ihres Weltempfindens. Deutliche Strukturen und Kontraste bringen sp\u00fcrbare Lebendigkeit in ihre Arbeiten. Spachtel sind ihre Pinsel.","og_url":"https:\/\/unikate-art.de\/en\/zahlungsweisen\/","og_site_name":"UNI.KATE","article_modified_time":"2022-06-14T07:13:20+00:00","twitter_card":"summary_large_image","twitter_misc":{"Estimated reading time":"1 minute"},"schema":{"@context":"https:\/\/schema.org","@graph":[{"@type":"WebPage","@id":"https:\/\/unikate-art.de\/zahlungsweisen","url":"https:\/\/unikate-art.de\/zahlungsweisen","name":"UNI.KATE | Abstrakte Kunst | Katrin Neudeck","isPartOf":{"@id":"https:\/\/unikate-art.de\/#website"},"datePublished":"2021-09-07T08:30:49+00:00","dateModified":"2022-06-14T07:13:20+00:00","description":"Ihre Kunstwerke sind impulsiver und leidenschaftlicher Ausdruck ihres Weltempfindens. Deutliche Strukturen und Kontraste bringen sp\u00fcrbare Lebendigkeit in ihre Arbeiten. Spachtel sind ihre Pinsel.","breadcrumb":{"@id":"https:\/\/unikate-art.de\/zahlungsweisen#breadcrumb"},"inLanguage":"en-GB","potentialAction":[{"@type":"ReadAction","target":["https:\/\/unikate-art.de\/zahlungsweisen"]}]},{"@type":"BreadcrumbList","@id":"https:\/\/unikate-art.de\/zahlungsweisen#breadcrumb","itemListElement":[{"@type":"ListItem","position":1,"name":"Startseite","item":"https:\/\/unikate-art.de\/"},{"@type":"ListItem","position":2,"name":"Zahlungsweisen"}]},{"@type":"WebSite","@id":"https:\/\/unikate-art.de\/#website","url":"https:\/\/unikate-art.de\/","name":"UNI.KATE","description":"Abstrakte Kunst | Katrin Neudeck","publisher":{"@id":"https:\/\/unikate-art.de\/#organization"},"potentialAction":[{"@type":"SearchAction","target":{"@type":"EntryPoint","urlTemplate":"https:\/\/unikate-art.de\/?s={search_term_string}"},"query-input":"required name=search_term_string"}],"inLanguage":"en-GB"},{"@type":"Organization","@id":"https:\/\/unikate-art.de\/#organization","name":"UNI.KATE","url":"https:\/\/unikate-art.de\/","logo":{"@type":"ImageObject","inLanguage":"en-GB","@id":"https:\/\/unikate-art.de\/#\/schema\/logo\/image\/","url":"https:\/\/unikate-art.de\/wp-content\/uploads\/2020\/10\/Unikate_Art_Logo_schwarz.svg","contentUrl":"https:\/\/unikate-art.de\/wp-content\/uploads\/2020\/10\/Unikate_Art_Logo_schwarz.svg","width":200,"height":200,"caption":"UNI.KATE"},"image":{"@id":"https:\/\/unikate-art.de\/#\/schema\/logo\/image\/"}}]}},"_links":{"self":[{"href":"https:\/\/unikate-art.de\/en\/wp-json\/wp\/v2\/pages\/429"}],"collection":[{"href":"https:\/\/unikate-art.de\/en\/wp-json\/wp\/v2\/pages"}],"about":[{"href":"https:\/\/unikate-art.de\/en\/wp-json\/wp\/v2\/types\/page"}],"author":[{"embeddable":true,"href":"https:\/\/unikate-art.de\/en\/wp-json\/wp\/v2\/users\/1"}],"replies":[{"embeddable":true,"href":"https:\/\/unikate-art.de\/en\/wp-json\/wp\/v2\/comments?post=429"}],"version-history":[{"count":0,"href":"https:\/\/unikate-art.de\/en\/wp-json\/wp\/v2\/pages\/429\/revisions"}],"wp:attachment":[{"href":"https:\/\/unikate-art.de\/en\/wp-json\/wp\/v2\/media?parent=429"}],"wp:term":[{"taxonomy":"wf_page_folders","embeddable":true,"href":"https:\/\/unikate-art.de\/en\/wp-json\/wp\/v2\/wf_page_folders?post=429"}],"curies":[{"name":"wp","href":"https:\/\/api.w.org\/{rel}","templated":true}]}}