{"id":426,"date":"2021-09-07T08:30:49","date_gmt":"2021-09-07T08:30:49","guid":{"rendered":"https:\/\/unikate-art.de\/versand__lieferung"},"modified":"2022-06-14T07:10:39","modified_gmt":"2022-06-14T07:10:39","slug":"versand__lieferung","status":"publish","type":"page","link":"https:\/\/unikate-art.de\/en\/versand__lieferung","title":{"rendered":"Versand &#038; Lieferung"},"content":{"rendered":"<div data-elementor-type=\"wp-page\" data-elementor-id=\"426\" class=\"elementor elementor-426\" data-elementor-post-type=\"page\">\n\t\t\t\t\t\t<section class=\"elementor-section elementor-top-section elementor-element elementor-element-08cf958 elementor-section-boxed elementor-section-height-default elementor-section-height-default\" data-id=\"08cf958\" data-element_type=\"section\">\n\t\t\t\t\t\t<div class=\"elementor-container elementor-column-gap-default\">\n\t\t\t\t\t<div class=\"elementor-column elementor-col-100 elementor-top-column elementor-element elementor-element-3707ad9\" data-id=\"3707ad9\" data-element_type=\"column\">\n\t\t\t<div class=\"elementor-widget-wrap elementor-element-populated\">\n\t\t\t\t\t\t<div class=\"elementor-element elementor-element-be3f010 elementor-widget elementor-widget-heading\" data-id=\"be3f010\" data-element_type=\"widget\" data-widget_type=\"heading.default\">\n\t\t\t\t<div class=\"elementor-widget-container\">\n\t\t\t<h1 class=\"elementor-heading-title elementor-size-default\">Prices, shipping costs and delivery information<\/h1>\t\t<\/div>\n\t\t\t\t<\/div>\n\t\t\t\t<div class=\"elementor-element elementor-element-bbd9386 elementor-widget elementor-widget-text-editor\" data-id=\"bbd9386\" data-element_type=\"widget\" data-widget_type=\"text-editor.default\">\n\t\t\t\t<div class=\"elementor-widget-container\">\n\t\t\t\t\t\t\t<!-- wp:paragraph \/--><!-- wp:paragraph -->\n<p>The prices stated on the product pages include the statutory value added tax and other price components.<\/p>\n<!-- \/wp:paragraph --><!-- wp:paragraph -->\n<p>In addition to the stated prices, for the delivery of artworks up to a maximum size of 80 x 60 cm within Germany 10 Euro, within the EU 30 Euro and worldwide 100 Euro flat rate per order will be charged. For the delivery of all larger artworks we charge 30 Euro within Germany, 100 Euro within the EU and 150 Euro worldwide per order. The shipping costs will be clearly communicated to you again in the shopping cart system and on the order page.\u00a0<\/p>\n<!-- \/wp:paragraph -->\t\t\t\t\t\t<\/div>\n\t\t\t\t<\/div>\n\t\t\t\t\t<\/div>\n\t\t<\/div>\n\t\t\t\t\t<\/div>\n\t\t<\/section>\n\t\t\t\t<\/div>","protected":false},"excerpt":{"rendered":"<p>Preise, Versandkosten und Lieferinformationen Die auf den Produktseiten genannten Preise enthalten die gesetzliche Mehrwertsteuer und sonstige Preisbestandteile. Zus\u00e4tzlich zu den angegebenen Preisen werden f\u00fcr die Lieferung von Kunstwerken bis zu einer maximalen Gr\u00f6\u00dfe von 80 x 60 cm\u00a0innerhalb Deutschlands 10 Euro, innerhalb der EU 30 Euro und weltweit 100 Euro pauschal pro Bestellung berechnet. F\u00fcr [&hellip;]<\/p>","protected":false},"author":1,"featured_media":0,"parent":0,"menu_order":0,"comment_status":"closed","ping_status":"closed","template":"","meta":{"footnotes":""},"wf_page_folders":[52],"yoast_head":"<!-- This site is optimized with the Yoast SEO plugin v22.8 - https:\/\/yoast.com\/wordpress\/plugins\/seo\/ -->\n<title>UNI.KATE | Abstrakte Kunst | Katrin Neudeck<\/title>\n<meta name=\"description\" content=\"Ihre Kunstwerke sind impulsiver und leidenschaftlicher Ausdruck ihres Weltempfindens. Deutliche Strukturen und Kontraste bringen sp\u00fcrbare Lebendigkeit in ihre Arbeiten. Spachtel sind ihre Pinsel.\" \/>\n<meta name=\"robots\" content=\"index, follow, max-snippet:-1, max-image-preview:large, max-video-preview:-1\" \/>\n<link rel=\"canonical\" href=\"https:\/\/unikate-art.de\/en\/versand__lieferung\/\" \/>\n<meta property=\"og:locale\" content=\"en_GB\" \/>\n<meta property=\"og:type\" content=\"article\" \/>\n<meta property=\"og:title\" content=\"UNI.KATE | Abstrakte Kunst | Katrin Neudeck\" \/>\n<meta property=\"og:description\" content=\"Ihre Kunstwerke sind impulsiver und leidenschaftlicher Ausdruck ihres Weltempfindens. Deutliche Strukturen und Kontraste bringen sp\u00fcrbare Lebendigkeit in ihre Arbeiten. Spachtel sind ihre Pinsel.\" \/>\n<meta property=\"og:url\" content=\"https:\/\/unikate-art.de\/en\/versand__lieferung\/\" \/>\n<meta property=\"og:site_name\" content=\"UNI.KATE\" \/>\n<meta property=\"article:modified_time\" content=\"2022-06-14T07:10:39+00:00\" \/>\n<meta name=\"twitter:card\" content=\"summary_large_image\" \/>\n<meta name=\"twitter:label1\" content=\"Estimated reading time\" \/>\n\t<meta name=\"twitter:data1\" content=\"1 minute\" \/>\n<script type=\"application\/ld+json\" class=\"yoast-schema-graph\">{\"@context\":\"https:\/\/schema.org\",\"@graph\":[{\"@type\":\"WebPage\",\"@id\":\"https:\/\/unikate-art.de\/versand__lieferung\",\"url\":\"https:\/\/unikate-art.de\/versand__lieferung\",\"name\":\"UNI.KATE | Abstrakte Kunst | Katrin Neudeck\",\"isPartOf\":{\"@id\":\"https:\/\/unikate-art.de\/#website\"},\"datePublished\":\"2021-09-07T08:30:49+00:00\",\"dateModified\":\"2022-06-14T07:10:39+00:00\",\"description\":\"Ihre Kunstwerke sind impulsiver und leidenschaftlicher Ausdruck ihres Weltempfindens. Deutliche Strukturen und Kontraste bringen sp\u00fcrbare Lebendigkeit in ihre Arbeiten. Spachtel sind ihre Pinsel.\",\"breadcrumb\":{\"@id\":\"https:\/\/unikate-art.de\/versand__lieferung#breadcrumb\"},\"inLanguage\":\"en-GB\",\"potentialAction\":[{\"@type\":\"ReadAction\",\"target\":[\"https:\/\/unikate-art.de\/versand__lieferung\"]}]},{\"@type\":\"BreadcrumbList\",\"@id\":\"https:\/\/unikate-art.de\/versand__lieferung#breadcrumb\",\"itemListElement\":[{\"@type\":\"ListItem\",\"position\":1,\"name\":\"Startseite\",\"item\":\"https:\/\/unikate-art.de\/\"},{\"@type\":\"ListItem\",\"position\":2,\"name\":\"Versand &#038; Lieferung\"}]},{\"@type\":\"WebSite\",\"@id\":\"https:\/\/unikate-art.de\/#website\",\"url\":\"https:\/\/unikate-art.de\/\",\"name\":\"UNI.KATE\",\"description\":\"Abstrakte Kunst | Katrin Neudeck\",\"publisher\":{\"@id\":\"https:\/\/unikate-art.de\/#organization\"},\"potentialAction\":[{\"@type\":\"SearchAction\",\"target\":{\"@type\":\"EntryPoint\",\"urlTemplate\":\"https:\/\/unikate-art.de\/?s={search_term_string}\"},\"query-input\":\"required name=search_term_string\"}],\"inLanguage\":\"en-GB\"},{\"@type\":\"Organization\",\"@id\":\"https:\/\/unikate-art.de\/#organization\",\"name\":\"UNI.KATE\",\"url\":\"https:\/\/unikate-art.de\/\",\"logo\":{\"@type\":\"ImageObject\",\"inLanguage\":\"en-GB\",\"@id\":\"https:\/\/unikate-art.de\/#\/schema\/logo\/image\/\",\"url\":\"https:\/\/unikate-art.de\/wp-content\/uploads\/2020\/10\/Unikate_Art_Logo_schwarz.svg\",\"contentUrl\":\"https:\/\/unikate-art.de\/wp-content\/uploads\/2020\/10\/Unikate_Art_Logo_schwarz.svg\",\"width\":200,\"height\":200,\"caption\":\"UNI.KATE\"},\"image\":{\"@id\":\"https:\/\/unikate-art.de\/#\/schema\/logo\/image\/\"}}]}<\/script>\n<!-- \/ Yoast SEO plugin. -->","yoast_head_json":{"title":"UNI.KATE | Abstrakte Kunst | Katrin Neudeck","description":"Ihre Kunstwerke sind impulsiver und leidenschaftlicher Ausdruck ihres Weltempfindens. Deutliche Strukturen und Kontraste bringen sp\u00fcrbare Lebendigkeit in ihre Arbeiten. Spachtel sind ihre Pinsel.","robots":{"index":"index","follow":"follow","max-snippet":"max-snippet:-1","max-image-preview":"max-image-preview:large","max-video-preview":"max-video-preview:-1"},"canonical":"https:\/\/unikate-art.de\/en\/versand__lieferung\/","og_locale":"en_GB","og_type":"article","og_title":"UNI.KATE | Abstrakte Kunst | Katrin Neudeck","og_description":"Ihre Kunstwerke sind impulsiver und leidenschaftlicher Ausdruck ihres Weltempfindens. Deutliche Strukturen und Kontraste bringen sp\u00fcrbare Lebendigkeit in ihre Arbeiten. Spachtel sind ihre Pinsel.","og_url":"https:\/\/unikate-art.de\/en\/versand__lieferung\/","og_site_name":"UNI.KATE","article_modified_time":"2022-06-14T07:10:39+00:00","twitter_card":"summary_large_image","twitter_misc":{"Estimated reading time":"1 minute"},"schema":{"@context":"https:\/\/schema.org","@graph":[{"@type":"WebPage","@id":"https:\/\/unikate-art.de\/versand__lieferung","url":"https:\/\/unikate-art.de\/versand__lieferung","name":"UNI.KATE | Abstrakte Kunst | Katrin Neudeck","isPartOf":{"@id":"https:\/\/unikate-art.de\/#website"},"datePublished":"2021-09-07T08:30:49+00:00","dateModified":"2022-06-14T07:10:39+00:00","description":"Ihre Kunstwerke sind impulsiver und leidenschaftlicher Ausdruck ihres Weltempfindens. Deutliche Strukturen und Kontraste bringen sp\u00fcrbare Lebendigkeit in ihre Arbeiten. Spachtel sind ihre Pinsel.","breadcrumb":{"@id":"https:\/\/unikate-art.de\/versand__lieferung#breadcrumb"},"inLanguage":"en-GB","potentialAction":[{"@type":"ReadAction","target":["https:\/\/unikate-art.de\/versand__lieferung"]}]},{"@type":"BreadcrumbList","@id":"https:\/\/unikate-art.de\/versand__lieferung#breadcrumb","itemListElement":[{"@type":"ListItem","position":1,"name":"Startseite","item":"https:\/\/unikate-art.de\/"},{"@type":"ListItem","position":2,"name":"Versand &#038; Lieferung"}]},{"@type":"WebSite","@id":"https:\/\/unikate-art.de\/#website","url":"https:\/\/unikate-art.de\/","name":"UNI.KATE","description":"Abstrakte Kunst | Katrin Neudeck","publisher":{"@id":"https:\/\/unikate-art.de\/#organization"},"potentialAction":[{"@type":"SearchAction","target":{"@type":"EntryPoint","urlTemplate":"https:\/\/unikate-art.de\/?s={search_term_string}"},"query-input":"required name=search_term_string"}],"inLanguage":"en-GB"},{"@type":"Organization","@id":"https:\/\/unikate-art.de\/#organization","name":"UNI.KATE","url":"https:\/\/unikate-art.de\/","logo":{"@type":"ImageObject","inLanguage":"en-GB","@id":"https:\/\/unikate-art.de\/#\/schema\/logo\/image\/","url":"https:\/\/unikate-art.de\/wp-content\/uploads\/2020\/10\/Unikate_Art_Logo_schwarz.svg","contentUrl":"https:\/\/unikate-art.de\/wp-content\/uploads\/2020\/10\/Unikate_Art_Logo_schwarz.svg","width":200,"height":200,"caption":"UNI.KATE"},"image":{"@id":"https:\/\/unikate-art.de\/#\/schema\/logo\/image\/"}}]}},"_links":{"self":[{"href":"https:\/\/unikate-art.de\/en\/wp-json\/wp\/v2\/pages\/426"}],"collection":[{"href":"https:\/\/unikate-art.de\/en\/wp-json\/wp\/v2\/pages"}],"about":[{"href":"https:\/\/unikate-art.de\/en\/wp-json\/wp\/v2\/types\/page"}],"author":[{"embeddable":true,"href":"https:\/\/unikate-art.de\/en\/wp-json\/wp\/v2\/users\/1"}],"replies":[{"embeddable":true,"href":"https:\/\/unikate-art.de\/en\/wp-json\/wp\/v2\/comments?post=426"}],"version-history":[{"count":0,"href":"https:\/\/unikate-art.de\/en\/wp-json\/wp\/v2\/pages\/426\/revisions"}],"wp:attachment":[{"href":"https:\/\/unikate-art.de\/en\/wp-json\/wp\/v2\/media?parent=426"}],"wp:term":[{"taxonomy":"wf_page_folders","embeddable":true,"href":"https:\/\/unikate-art.de\/en\/wp-json\/wp\/v2\/wf_page_folders?post=426"}],"curies":[{"name":"wp","href":"https:\/\/api.w.org\/{rel}","templated":true}]}}